{"id":2226,"date":"2017-05-30T22:55:54","date_gmt":"2017-05-30T20:55:54","guid":{"rendered":"http:\/\/www.tiefseesurfer.de\/?page_id=2226"},"modified":"2026-03-22T09:48:21","modified_gmt":"2026-03-22T08:48:21","slug":"joar-brynnel","status":"publish","type":"page","link":"https:\/\/tiefseesurfer.de\/?page_id=2226","title":{"rendered":"Joar Brynnel"},"content":{"rendered":"<p>bitte kontaktiere uns ausschlie\u00dflich schriftlich \u00fcber unsere E-Mailadresse: <a href=\"mailto:wassersport@lok-potsdam.de\">wassersport@lok-potsdam.de<\/a><\/p>\n<p>in Ausnahmef\u00e4llen und bei hoher Dringlichkeit <a href=\"tel:+491719866939\"><!-- \/wp:post-content -->0171 9866939<\/a><br><img loading=\"lazy\" decoding=\"async\" class=\"alignnone wp-image-2896 size-full\" src=\"https:\/\/tiefseesurfer.de\/wp-content\/uploads\/2021\/06\/Joar.png\" alt=\"\" width=\"184\" height=\"256\"><\/p>\n\n<!-- wp:paragraph -->\n<p>Mein Name ist Joar Brynnel und ich bin Mitglied der Abteilungsleitung.<\/p>\n<!-- \/wp:paragraph -->\n\n<!-- wp:paragraph -->\n<p>F\u00fcr mich ist nicht nur die Zeit auf dem Wasser sehr wertvoll, ich arbeite zudem auch gerne an meinem Boot. Boote in allen Formen und Gr\u00f6\u00dfen waren immer Teil meines Lebens. Seit 2014 bin ich Wahlpotsdamer und finde unsere Stadt sehr sch\u00f6n. Insbesondere die vielf\u00e4ltigen M\u00f6glichkeiten, den Bootssport auszu\u00fcben, sind einmalig.<\/p>\n<!-- \/wp:paragraph --><h3>Related Images:<\/h3>","protected":false},"excerpt":{"rendered":"<p>bitte kontaktiere uns ausschlie\u00dflich schriftlich \u00fcber unsere E-Mailadresse: wassersport@lok-potsdam.de in Ausnahmef\u00e4llen und bei hoher Dringlichkeit 0171 9866939 Mein Name ist Joar Brynnel und ich bin Mitglied der Abteilungsleitung. F\u00fcr mich ist nicht nur die Zeit auf dem Wasser sehr wertvoll, ich arbeite zudem auch gerne an meinem Boot. Boote in &#8230;<\/p>\n","protected":false},"author":1,"featured_media":0,"parent":460,"menu_order":3,"comment_status":"closed","ping_status":"closed","template":"","meta":{"ngg_post_thumbnail":0,"jetpack_post_was_ever_published":false,"footnotes":""},"class_list":["post-2226","page","type-page","status-publish","hentry"],"jetpack_sharing_enabled":false,"_links":{"self":[{"href":"https:\/\/tiefseesurfer.de\/index.php?rest_route=\/wp\/v2\/pages\/2226","targetHints":{"allow":["GET"]}}],"collection":[{"href":"https:\/\/tiefseesurfer.de\/index.php?rest_route=\/wp\/v2\/pages"}],"about":[{"href":"https:\/\/tiefseesurfer.de\/index.php?rest_route=\/wp\/v2\/types\/page"}],"author":[{"embeddable":true,"href":"https:\/\/tiefseesurfer.de\/index.php?rest_route=\/wp\/v2\/users\/1"}],"replies":[{"embeddable":true,"href":"https:\/\/tiefseesurfer.de\/index.php?rest_route=%2Fwp%2Fv2%2Fcomments&post=2226"}],"version-history":[{"count":5,"href":"https:\/\/tiefseesurfer.de\/index.php?rest_route=\/wp\/v2\/pages\/2226\/revisions"}],"predecessor-version":[{"id":3238,"href":"https:\/\/tiefseesurfer.de\/index.php?rest_route=\/wp\/v2\/pages\/2226\/revisions\/3238"}],"up":[{"embeddable":true,"href":"https:\/\/tiefseesurfer.de\/index.php?rest_route=\/wp\/v2\/pages\/460"}],"wp:attachment":[{"href":"https:\/\/tiefseesurfer.de\/index.php?rest_route=%2Fwp%2Fv2%2Fmedia&parent=2226"}],"curies":[{"name":"wp","href":"https:\/\/api.w.org\/{rel}","templated":true}]}}