{"id":2229,"date":"2017-05-30T22:59:03","date_gmt":"2017-05-30T20:59:03","guid":{"rendered":"http:\/\/www.tiefseesurfer.de\/?page_id=2229"},"modified":"2026-03-22T09:45:18","modified_gmt":"2026-03-22T08:45:18","slug":"tatjana-green","status":"publish","type":"page","link":"https:\/\/tiefseesurfer.de\/?page_id=2229","title":{"rendered":"Tatjana Green"},"content":{"rendered":"\n<p>bitte kontaktiere uns ausschlie\u00dflich schriftlich \u00fcber unsere E-Mailadresse: <a href=\"mailto:wassersport@lok-potsdam.de\">wassersport@lok-potsdam.de<\/a><\/p>\n\n\n\n<p>in Ausnahmef\u00e4llen und bei hoher Dringlichkeit <a href=\"tel:+4917672978116\">0176 72978116<\/a><\/p>\n\n\n\n<figure class=\"wp-block-image size-large is-resized\"><img loading=\"lazy\" decoding=\"async\" width=\"768\" height=\"1024\" src=\"https:\/\/tiefseesurfer.de\/wp-content\/uploads\/2006\/04\/Tatjana-768x1024.jpg\" alt=\"\" class=\"wp-image-2221\" style=\"width:197px;height:auto\" srcset=\"https:\/\/tiefseesurfer.de\/wp-content\/uploads\/2006\/04\/Tatjana-768x1024.jpg 768w, https:\/\/tiefseesurfer.de\/wp-content\/uploads\/2006\/04\/Tatjana-225x300.jpg 225w, https:\/\/tiefseesurfer.de\/wp-content\/uploads\/2006\/04\/Tatjana-700x933.jpg 700w, https:\/\/tiefseesurfer.de\/wp-content\/uploads\/2006\/04\/Tatjana.jpg 1672w\" sizes=\"auto, (max-width: 768px) 100vw, 768px\" \/><\/figure>\n\n\n\n<p><\/p>\n\n\n\n<p><\/p>\n<h3>Related Images:<\/h3>","protected":false},"excerpt":{"rendered":"<p>bitte kontaktiere uns ausschlie\u00dflich schriftlich \u00fcber unsere E-Mailadresse: wassersport@lok-potsdam.de in Ausnahmef\u00e4llen und bei hoher Dringlichkeit 0176 72978116 Related Images:<\/p>\n","protected":false},"author":1,"featured_media":0,"parent":460,"menu_order":1,"comment_status":"closed","ping_status":"closed","template":"","meta":{"ngg_post_thumbnail":0,"jetpack_post_was_ever_published":false,"footnotes":""},"class_list":["post-2229","page","type-page","status-publish","hentry"],"jetpack_sharing_enabled":true,"_links":{"self":[{"href":"https:\/\/tiefseesurfer.de\/index.php?rest_route=\/wp\/v2\/pages\/2229","targetHints":{"allow":["GET"]}}],"collection":[{"href":"https:\/\/tiefseesurfer.de\/index.php?rest_route=\/wp\/v2\/pages"}],"about":[{"href":"https:\/\/tiefseesurfer.de\/index.php?rest_route=\/wp\/v2\/types\/page"}],"author":[{"embeddable":true,"href":"https:\/\/tiefseesurfer.de\/index.php?rest_route=\/wp\/v2\/users\/1"}],"replies":[{"embeddable":true,"href":"https:\/\/tiefseesurfer.de\/index.php?rest_route=%2Fwp%2Fv2%2Fcomments&post=2229"}],"version-history":[{"count":9,"href":"https:\/\/tiefseesurfer.de\/index.php?rest_route=\/wp\/v2\/pages\/2229\/revisions"}],"predecessor-version":[{"id":3236,"href":"https:\/\/tiefseesurfer.de\/index.php?rest_route=\/wp\/v2\/pages\/2229\/revisions\/3236"}],"up":[{"embeddable":true,"href":"https:\/\/tiefseesurfer.de\/index.php?rest_route=\/wp\/v2\/pages\/460"}],"wp:attachment":[{"href":"https:\/\/tiefseesurfer.de\/index.php?rest_route=%2Fwp%2Fv2%2Fmedia&parent=2229"}],"curies":[{"name":"wp","href":"https:\/\/api.w.org\/{rel}","templated":true}]}}