{"id":268,"date":"2006-03-22T09:50:33","date_gmt":"2006-03-22T08:50:33","guid":{"rendered":"http:\/\/www.tiefseesurfer.de\/?p=268"},"modified":"2012-09-21T12:27:36","modified_gmt":"2012-09-21T10:27:36","slug":"wie-kann-ich-mitglied-werden","status":"publish","type":"page","link":"https:\/\/tiefseesurfer.de\/?page_id=268","title":{"rendered":"Mitglied werden"},"content":{"rendered":"<p>Mitglied im Eisenbahner Sportverein kann jeder Eisenbahner, angeh\u00f6rige von Eisenbahnern, ehemaliger Eisenbahner und nat\u00fcrlich auch Nicht-Eisenbahner werden.<br \/>\nMinderj\u00e4hrige bed\u00fcrfen der Genehmigung eines Erziehungsberechtigten um Mitglied zu werden.<\/p>\n<p>Um Mitglied im ESV-Lok Potsdam zu werden findet ein pers\u00f6nliches Gespr\u00e4ch zwischen der Abteilungsleitung und dem Antragsteller statt.<br \/>\nDabei wird ein Antrag auf Mitgliedschaft ausgeh\u00e4ndigt, der vollst\u00e4ndig ausgef\u00fcllt wieder bei der Abteilungsleitung abzugeben ist.<br \/>\nWird der Antrag auf Mitgliedschaft angenommen, ist vom neuen Mitglied eine Aufnahmegeb\u00fchr in H\u00f6he eines Mitgliedsbeitrages zu entrichten.<\/p>\n<h3>Related Images:<\/h3>","protected":false},"excerpt":{"rendered":"<p>Mitglied im Eisenbahner Sportverein kann jeder Eisenbahner, angeh\u00f6rige von Eisenbahnern, ehemaliger Eisenbahner und nat\u00fcrlich auch Nicht-Eisenbahner werden. Minderj\u00e4hrige bed\u00fcrfen der Genehmigung eines Erziehungsberechtigten um Mitglied zu werden. Um Mitglied im ESV-Lok Potsdam zu werden findet ein pers\u00f6nliches Gespr\u00e4ch zwischen der Abteilungsleitung und dem Antragsteller statt. Dabei wird ein Antrag auf &#8230;<\/p>\n","protected":false},"author":1,"featured_media":0,"parent":424,"menu_order":1,"comment_status":"closed","ping_status":"closed","template":"","meta":{"ngg_post_thumbnail":0,"jetpack_post_was_ever_published":false,"footnotes":""},"class_list":["post-268","page","type-page","status-publish","hentry"],"jetpack_sharing_enabled":true,"_links":{"self":[{"href":"https:\/\/tiefseesurfer.de\/index.php?rest_route=\/wp\/v2\/pages\/268","targetHints":{"allow":["GET"]}}],"collection":[{"href":"https:\/\/tiefseesurfer.de\/index.php?rest_route=\/wp\/v2\/pages"}],"about":[{"href":"https:\/\/tiefseesurfer.de\/index.php?rest_route=\/wp\/v2\/types\/page"}],"author":[{"embeddable":true,"href":"https:\/\/tiefseesurfer.de\/index.php?rest_route=\/wp\/v2\/users\/1"}],"replies":[{"embeddable":true,"href":"https:\/\/tiefseesurfer.de\/index.php?rest_route=%2Fwp%2Fv2%2Fcomments&post=268"}],"version-history":[{"count":4,"href":"https:\/\/tiefseesurfer.de\/index.php?rest_route=\/wp\/v2\/pages\/268\/revisions"}],"predecessor-version":[{"id":443,"href":"https:\/\/tiefseesurfer.de\/index.php?rest_route=\/wp\/v2\/pages\/268\/revisions\/443"}],"up":[{"embeddable":true,"href":"https:\/\/tiefseesurfer.de\/index.php?rest_route=\/wp\/v2\/pages\/424"}],"wp:attachment":[{"href":"https:\/\/tiefseesurfer.de\/index.php?rest_route=%2Fwp%2Fv2%2Fmedia&parent=268"}],"curies":[{"name":"wp","href":"https:\/\/api.w.org\/{rel}","templated":true}]}}