{"id":275,"date":"2006-03-22T10:36:50","date_gmt":"2006-03-22T09:36:50","guid":{"rendered":"http:\/\/www.tiefseesurfer.de\/?p=275"},"modified":"2014-01-03T12:20:18","modified_gmt":"2014-01-03T11:20:18","slug":"wie-kann-ich-einen-stegplatzhallenplatz-bekommen","status":"publish","type":"page","link":"https:\/\/tiefseesurfer.de\/?page_id=275","title":{"rendered":"Stegplatz\/Hallenplatz"},"content":{"rendered":"<p>Jedes vollj\u00e4hrige Mitglied des ESV Lok Potsdam kann einen Platz f\u00fcr sein Boot beantragen.<br \/>\nEin Platz f\u00fcr ein Boot ist grunds\u00e4tzlich bei der Abteilungsleitung Wassersport zu beantragen. Dies sollte bei den monatlich stattfindenden Mitgliedersprechstunden geschehen.<br \/>\nDer Platz f\u00fcr ein Boot wird dann gemeinsam mit der Abteilungsleitung anhand der Steg\u00fcbersicht\u00a0und der ben\u00f6tigten Gr\u00f6\u00dfe f\u00fcr das Boot ausgew\u00e4hlt. Dabei hilft es, wenn der Bootseigner genaue Angaben zu Gr\u00f6\u00dfe, Tiefgang und Art des Bootes macht, und sich schon mal einen \u00dcberblick \u00fcber die Steganlage bzw. Halle gemacht hat, um einen m\u00f6glichen Stellplatz zu benennen. Es kann vorkommen, das f\u00fcr ein Boot bestimmter Gr\u00f6\u00dfe kein passender Stegplatz zur Verf\u00fcgung steht. In diesem Fall kann kein Platz zugeteilt werden.<br \/>\nF\u00fcr die Anmietung eines Steg- bzw Hallenplatzes wird ein Mietvertrag zwischen dem Verein und dem Bootseigner geschlossen. Dieser Mietvertrag muss vom Vorstand des ESV und vom Bootseigner unterzeichnet werden.<\/p>\n<h3>Related Images:<\/h3>","protected":false},"excerpt":{"rendered":"<p>Jedes vollj\u00e4hrige Mitglied des ESV Lok Potsdam kann einen Platz f\u00fcr sein Boot beantragen. Ein Platz f\u00fcr ein Boot ist grunds\u00e4tzlich bei der Abteilungsleitung Wassersport zu beantragen. Dies sollte bei den monatlich stattfindenden Mitgliedersprechstunden geschehen. Der Platz f\u00fcr ein Boot wird dann gemeinsam mit der Abteilungsleitung anhand der Steg\u00fcbersicht\u00a0und der &#8230;<\/p>\n","protected":false},"author":1,"featured_media":0,"parent":424,"menu_order":6,"comment_status":"closed","ping_status":"closed","template":"","meta":{"ngg_post_thumbnail":0,"jetpack_post_was_ever_published":false,"footnotes":""},"class_list":["post-275","page","type-page","status-publish","hentry"],"jetpack_sharing_enabled":true,"_links":{"self":[{"href":"https:\/\/tiefseesurfer.de\/index.php?rest_route=\/wp\/v2\/pages\/275","targetHints":{"allow":["GET"]}}],"collection":[{"href":"https:\/\/tiefseesurfer.de\/index.php?rest_route=\/wp\/v2\/pages"}],"about":[{"href":"https:\/\/tiefseesurfer.de\/index.php?rest_route=\/wp\/v2\/types\/page"}],"author":[{"embeddable":true,"href":"https:\/\/tiefseesurfer.de\/index.php?rest_route=\/wp\/v2\/users\/1"}],"replies":[{"embeddable":true,"href":"https:\/\/tiefseesurfer.de\/index.php?rest_route=%2Fwp%2Fv2%2Fcomments&post=275"}],"version-history":[{"count":4,"href":"https:\/\/tiefseesurfer.de\/index.php?rest_route=\/wp\/v2\/pages\/275\/revisions"}],"predecessor-version":[{"id":752,"href":"https:\/\/tiefseesurfer.de\/index.php?rest_route=\/wp\/v2\/pages\/275\/revisions\/752"}],"up":[{"embeddable":true,"href":"https:\/\/tiefseesurfer.de\/index.php?rest_route=\/wp\/v2\/pages\/424"}],"wp:attachment":[{"href":"https:\/\/tiefseesurfer.de\/index.php?rest_route=%2Fwp%2Fv2%2Fmedia&parent=275"}],"curies":[{"name":"wp","href":"https:\/\/api.w.org\/{rel}","templated":true}]}}