{"id":279,"date":"2006-03-22T10:41:44","date_gmt":"2006-03-22T09:41:44","guid":{"rendered":"http:\/\/www.tiefseesurfer.de\/?p=279"},"modified":"2014-01-02T23:40:11","modified_gmt":"2014-01-02T22:40:11","slug":"wie-lautet-die-bankverbindung-fr-die-zahlung-der-miete-des-bootliegeplatzes","status":"publish","type":"page","link":"https:\/\/tiefseesurfer.de\/?page_id=279","title":{"rendered":"Bankverbindung"},"content":{"rendered":"<p>Jeder Mieter eines Bootsplatzes ist vertraglich dazu verpflichtet monatlich eine Mietgeb\u00fchr zu entrichten.<br \/>\nDie H\u00f6he dieser Mietgeb\u00fchr ist dem jeweiligem individuellen Mietvertrag zu entnehmen. Die Mietgeb\u00fchr wird per Lastschrifteinzugserm\u00e4chtigung auf folgendes folgendes Konto eingezahlt:<\/p>\n<table border=\"0\">\n<tbody>\n<tr>\n<td>Kontoinhaber:<\/td>\n<td>ESV Lok Potsdam e.V.<\/td>\n<\/tr>\n<tr>\n<td>Kreditinstitut:<\/td>\n<td>Commerzbank Potsdam<\/td>\n<\/tr>\n<tr>\n<td>Bankleitzahl:<\/td>\n<td>16080000<\/td>\n<\/tr>\n<tr>\n<td>Kontonummer:<\/td>\n<td>0174115903<\/td>\n<\/tr>\n<tr>\n<td>IBAN:<\/td>\n<td>DE85160800000174115903<\/td>\n<\/tr>\n<tr>\n<td>BIC:<\/td>\n<td>DRESDEFF160<\/td>\n<\/tr>\n<tr>\n<td>Gl\u00e4ubiger Identifikation:<\/td>\n<td>DE43ESV00000123355<\/td>\n<\/tr>\n<tr>\n<td>Mandatsreferenz:<\/td>\n<td>wird jedem Mitglied individuell zugeordnet und mitgeteilt<\/td>\n<\/tr>\n<\/tbody>\n<\/table>\n<h3>Related Images:<\/h3>","protected":false},"excerpt":{"rendered":"<p>Jeder Mieter eines Bootsplatzes ist vertraglich dazu verpflichtet monatlich eine Mietgeb\u00fchr zu entrichten. Die H\u00f6he dieser Mietgeb\u00fchr ist dem jeweiligem individuellen Mietvertrag zu entnehmen. Die Mietgeb\u00fchr wird per Lastschrifteinzugserm\u00e4chtigung auf folgendes folgendes Konto eingezahlt: Kontoinhaber: ESV Lok Potsdam e.V. Kreditinstitut: Commerzbank Potsdam Bankleitzahl: 16080000 Kontonummer: 0174115903 IBAN: DE85160800000174115903 BIC: DRESDEFF160 &#8230;<\/p>\n","protected":false},"author":1,"featured_media":0,"parent":424,"menu_order":10,"comment_status":"closed","ping_status":"closed","template":"","meta":{"ngg_post_thumbnail":0,"jetpack_post_was_ever_published":false,"footnotes":""},"class_list":["post-279","page","type-page","status-publish","hentry"],"jetpack_sharing_enabled":true,"_links":{"self":[{"href":"https:\/\/tiefseesurfer.de\/index.php?rest_route=\/wp\/v2\/pages\/279","targetHints":{"allow":["GET"]}}],"collection":[{"href":"https:\/\/tiefseesurfer.de\/index.php?rest_route=\/wp\/v2\/pages"}],"about":[{"href":"https:\/\/tiefseesurfer.de\/index.php?rest_route=\/wp\/v2\/types\/page"}],"author":[{"embeddable":true,"href":"https:\/\/tiefseesurfer.de\/index.php?rest_route=\/wp\/v2\/users\/1"}],"replies":[{"embeddable":true,"href":"https:\/\/tiefseesurfer.de\/index.php?rest_route=%2Fwp%2Fv2%2Fcomments&post=279"}],"version-history":[{"count":4,"href":"https:\/\/tiefseesurfer.de\/index.php?rest_route=\/wp\/v2\/pages\/279\/revisions"}],"predecessor-version":[{"id":747,"href":"https:\/\/tiefseesurfer.de\/index.php?rest_route=\/wp\/v2\/pages\/279\/revisions\/747"}],"up":[{"embeddable":true,"href":"https:\/\/tiefseesurfer.de\/index.php?rest_route=\/wp\/v2\/pages\/424"}],"wp:attachment":[{"href":"https:\/\/tiefseesurfer.de\/index.php?rest_route=%2Fwp%2Fv2%2Fmedia&parent=279"}],"curies":[{"name":"wp","href":"https:\/\/api.w.org\/{rel}","templated":true}]}}