{"id":280,"date":"2006-03-22T10:43:03","date_gmt":"2006-03-22T09:43:03","guid":{"rendered":"http:\/\/www.tiefseesurfer.de\/?p=280"},"modified":"2014-01-03T12:21:19","modified_gmt":"2014-01-03T11:21:19","slug":"wie-kann-eine-nderung-an-meinem-mietvertrag-vorgenommen-werden","status":"publish","type":"page","link":"https:\/\/tiefseesurfer.de\/?page_id=280","title":{"rendered":"Mietvertrags\u00e4nderung"},"content":{"rendered":"<p>\u00c4nderungsw\u00fcnsche an Mietvertr\u00e4gen sind pers\u00f6nlich bei der Abteilungsleitung vorzutragen.<br \/>\nKann dem \u00c4nderungswunsch entsprochen werden wird eine \u00c4nderung zum bestehenden Mietvertrag angefertigt, die vom Vostand des ESV und dem Bootseigner unterzeichnet werden muss.<\/p>\n<h3>Related Images:<\/h3>","protected":false},"excerpt":{"rendered":"<p>\u00c4nderungsw\u00fcnsche an Mietvertr\u00e4gen sind pers\u00f6nlich bei der Abteilungsleitung vorzutragen. Kann dem \u00c4nderungswunsch entsprochen werden wird eine \u00c4nderung zum bestehenden Mietvertrag angefertigt, die vom Vostand des ESV und dem Bootseigner unterzeichnet werden muss. Related Images:<\/p>\n","protected":false},"author":1,"featured_media":0,"parent":424,"menu_order":8,"comment_status":"closed","ping_status":"closed","template":"","meta":{"ngg_post_thumbnail":0,"jetpack_post_was_ever_published":false,"footnotes":""},"class_list":["post-280","page","type-page","status-publish","hentry"],"jetpack_sharing_enabled":true,"_links":{"self":[{"href":"https:\/\/tiefseesurfer.de\/index.php?rest_route=\/wp\/v2\/pages\/280","targetHints":{"allow":["GET"]}}],"collection":[{"href":"https:\/\/tiefseesurfer.de\/index.php?rest_route=\/wp\/v2\/pages"}],"about":[{"href":"https:\/\/tiefseesurfer.de\/index.php?rest_route=\/wp\/v2\/types\/page"}],"author":[{"embeddable":true,"href":"https:\/\/tiefseesurfer.de\/index.php?rest_route=\/wp\/v2\/users\/1"}],"replies":[{"embeddable":true,"href":"https:\/\/tiefseesurfer.de\/index.php?rest_route=%2Fwp%2Fv2%2Fcomments&post=280"}],"version-history":[{"count":3,"href":"https:\/\/tiefseesurfer.de\/index.php?rest_route=\/wp\/v2\/pages\/280\/revisions"}],"predecessor-version":[{"id":753,"href":"https:\/\/tiefseesurfer.de\/index.php?rest_route=\/wp\/v2\/pages\/280\/revisions\/753"}],"up":[{"embeddable":true,"href":"https:\/\/tiefseesurfer.de\/index.php?rest_route=\/wp\/v2\/pages\/424"}],"wp:attachment":[{"href":"https:\/\/tiefseesurfer.de\/index.php?rest_route=%2Fwp%2Fv2%2Fmedia&parent=280"}],"curies":[{"name":"wp","href":"https:\/\/api.w.org\/{rel}","templated":true}]}}