{"id":306,"date":"2006-04-20T10:51:12","date_gmt":"2006-04-20T08:51:12","guid":{"rendered":"http:\/\/www.tiefseesurfer.de\/?p=306"},"modified":"2026-03-22T09:47:36","modified_gmt":"2026-03-22T08:47:36","slug":"abteilungsleiter-2","status":"publish","type":"page","link":"https:\/\/tiefseesurfer.de\/?page_id=306","title":{"rendered":"Ralf J\u00e4nike"},"content":{"rendered":"<a href=\"mailto:esv@rj2.de\"><\/a>\n\nbitte kontaktiere uns ausschlie\u00dflich schriftlich \u00fcber unsere E-Mailadresse: <a href=\"mailto:wassersport@lok-potsdam.de\">wassersport@lok-potsdam.de<\/a>\n\n<a href=\"mailto:esv@rj2.de\"> <\/a>\n\nin Ausnahmef\u00e4llen und bei hoher Dringlichkeit\n<ul>\n \t<li><a href=\"mailto:esv@rj2.de\">esv@rj2.de<\/a>\n<a href=\"tel:+491744435392\">0174 4435392<\/a><\/li>\n<\/ul>\n<img loading=\"lazy\" decoding=\"async\" class=\"alignnone wp-image-2897 size-medium\" src=\"https:\/\/tiefseesurfer.de\/wp-content\/uploads\/2021\/06\/Ralf-225x300.jpg\" alt=\"\" width=\"225\" height=\"300\" srcset=\"https:\/\/tiefseesurfer.de\/wp-content\/uploads\/2021\/06\/Ralf-225x300.jpg 225w, https:\/\/tiefseesurfer.de\/wp-content\/uploads\/2021\/06\/Ralf.jpg 227w\" sizes=\"auto, (max-width: 225px) 100vw, 225px\" \/>\n\nich bin Ralf, seit fr\u00fchester Kindheit dem Wassersport und dem ESV Lok Potsdam verbunden und seit 2002 auch in der Leitung der Abteilung Wassersport t\u00e4tig.&nbsp;\n\nMeine Leidenschaft ist und bleibt Wassersport in allen seinen Auspr\u00e4gungen, nicht allein aufgrund der herzlichen Freundschaften und Bekanntschaften die ich bei uns im Verein dadurch gemacht habe.&nbsp;<h3>Related Images:<\/h3>","protected":false},"excerpt":{"rendered":"<p>bitte kontaktiere uns ausschlie\u00dflich schriftlich \u00fcber unsere E-Mailadresse: wassersport@lok-potsdam.de in Ausnahmef\u00e4llen und bei hoher Dringlichkeit esv@rj2.de 0174 4435392 ich bin Ralf, seit fr\u00fchester Kindheit dem Wassersport und dem ESV Lok Potsdam verbunden und seit 2002 auch in der Leitung der Abteilung Wassersport t\u00e4tig.&nbsp; Meine Leidenschaft ist und bleibt Wassersport in &#8230;<\/p>\n","protected":false},"author":1,"featured_media":305,"parent":460,"menu_order":2,"comment_status":"closed","ping_status":"closed","template":"","meta":{"ngg_post_thumbnail":0,"jetpack_post_was_ever_published":false,"footnotes":""},"class_list":["post-306","page","type-page","status-publish","has-post-thumbnail","hentry","has-thumbnail"],"jetpack_sharing_enabled":true,"_links":{"self":[{"href":"https:\/\/tiefseesurfer.de\/index.php?rest_route=\/wp\/v2\/pages\/306","targetHints":{"allow":["GET"]}}],"collection":[{"href":"https:\/\/tiefseesurfer.de\/index.php?rest_route=\/wp\/v2\/pages"}],"about":[{"href":"https:\/\/tiefseesurfer.de\/index.php?rest_route=\/wp\/v2\/types\/page"}],"author":[{"embeddable":true,"href":"https:\/\/tiefseesurfer.de\/index.php?rest_route=\/wp\/v2\/users\/1"}],"replies":[{"embeddable":true,"href":"https:\/\/tiefseesurfer.de\/index.php?rest_route=%2Fwp%2Fv2%2Fcomments&post=306"}],"version-history":[{"count":9,"href":"https:\/\/tiefseesurfer.de\/index.php?rest_route=\/wp\/v2\/pages\/306\/revisions"}],"predecessor-version":[{"id":3237,"href":"https:\/\/tiefseesurfer.de\/index.php?rest_route=\/wp\/v2\/pages\/306\/revisions\/3237"}],"up":[{"embeddable":true,"href":"https:\/\/tiefseesurfer.de\/index.php?rest_route=\/wp\/v2\/pages\/460"}],"wp:featuredmedia":[{"embeddable":true,"href":"https:\/\/tiefseesurfer.de\/index.php?rest_route=\/wp\/v2\/media\/305"}],"wp:attachment":[{"href":"https:\/\/tiefseesurfer.de\/index.php?rest_route=%2Fwp%2Fv2%2Fmedia&parent=306"}],"curies":[{"name":"wp","href":"https:\/\/api.w.org\/{rel}","templated":true}]}}