{"id":460,"date":"2012-09-21T12:34:33","date_gmt":"2012-09-21T10:34:33","guid":{"rendered":"http:\/\/www.tiefseesurfer.de\/?page_id=460"},"modified":"2025-05-25T10:54:20","modified_gmt":"2025-05-25T08:54:20","slug":"kontakt","status":"publish","type":"page","link":"https:\/\/tiefseesurfer.de\/?page_id=460","title":{"rendered":"Abteilungsleitung (Kontakt)"},"content":{"rendered":"<p>Hier die Namen, Funktionen und Erreichbarkeit unsere Mitglieder der Abteilung Wassersport<\/p>\n<ul>\n<li><a title=\"Tatjana Green\" href=\"https:\/\/tiefseesurfer.de\/?page_id=2229\">Abteilungsleiterin: Tatjana Green<\/a><\/li>\n<li><a title=\"Ralf J\u00e4nike\" href=\"https:\/\/tiefseesurfer.de\/?page_id=306\">Ralf J\u00e4nike<\/a><\/li>\n<li><a title=\"Lutz Sommerburg\" href=\"https:\/\/tiefseesurfer.de\/?page_id=302\">Lutz Sommerburg<\/a><\/li>\n<li><a title=\"Joar Brynnel\" href=\"https:\/\/tiefseesurfer.de\/?page_id=2226\">Joar Brynnel<\/a><\/li>\n<\/ul>\n\n\n<p>Kontakt via E-Mail bitte ausschlie\u00dflich an: <a href=\"mailto:wassersport@lok-potsdam.de\">wassersport@lok-potsdam.de<\/a><\/p>\n\n\n\n<p>Anfragen f\u00fcr Kurzzeit- und Gastliegepl\u00e4tze bitte telefonisch an: <a href=\"tel:491715814150\">0171 5814150<\/a><\/p>\n\n\n\n<p><\/p>\n<h3>Related Images:<\/h3>","protected":false},"excerpt":{"rendered":"<p>Hier die Namen, Funktionen und Erreichbarkeit unsere Mitglieder der Abteilung Wassersport Abteilungsleiterin: Tatjana Green Ralf J\u00e4nike Lutz Sommerburg Joar Brynnel Kontakt via E-Mail bitte ausschlie\u00dflich an: wassersport@lok-potsdam.de Anfragen f\u00fcr Kurzzeit- und Gastliegepl\u00e4tze bitte telefonisch an: 0171 5814150 Related Images:<\/p>\n","protected":false},"author":1,"featured_media":0,"parent":0,"menu_order":1,"comment_status":"closed","ping_status":"closed","template":"","meta":{"ngg_post_thumbnail":0,"jetpack_post_was_ever_published":false,"footnotes":""},"class_list":["post-460","page","type-page","status-publish","hentry"],"jetpack_sharing_enabled":true,"_links":{"self":[{"href":"https:\/\/tiefseesurfer.de\/index.php?rest_route=\/wp\/v2\/pages\/460","targetHints":{"allow":["GET"]}}],"collection":[{"href":"https:\/\/tiefseesurfer.de\/index.php?rest_route=\/wp\/v2\/pages"}],"about":[{"href":"https:\/\/tiefseesurfer.de\/index.php?rest_route=\/wp\/v2\/types\/page"}],"author":[{"embeddable":true,"href":"https:\/\/tiefseesurfer.de\/index.php?rest_route=\/wp\/v2\/users\/1"}],"replies":[{"embeddable":true,"href":"https:\/\/tiefseesurfer.de\/index.php?rest_route=%2Fwp%2Fv2%2Fcomments&post=460"}],"version-history":[{"count":12,"href":"https:\/\/tiefseesurfer.de\/index.php?rest_route=\/wp\/v2\/pages\/460\/revisions"}],"predecessor-version":[{"id":3230,"href":"https:\/\/tiefseesurfer.de\/index.php?rest_route=\/wp\/v2\/pages\/460\/revisions\/3230"}],"wp:attachment":[{"href":"https:\/\/tiefseesurfer.de\/index.php?rest_route=%2Fwp%2Fv2%2Fmedia&parent=460"}],"curies":[{"name":"wp","href":"https:\/\/api.w.org\/{rel}","templated":true}]}}